{"id":6688,"date":"2024-02-08T11:00:39","date_gmt":"2024-02-08T09:00:39","guid":{"rendered":"https:\/\/www.rpmt.ee\/?page_id=6688"},"modified":"2024-04-04T07:14:48","modified_gmt":"2024-04-04T05:14:48","slug":"ekskavaatori-noole-pikendus","status":"publish","type":"page","link":"https:\/\/www.rpmt.ee\/?page_id=6688","title":{"rendered":"Ekskavaatori noole pikendus"},"content":{"rendered":"\t\t<div data-elementor-type=\"wp-page\" data-elementor-id=\"6688\" class=\"elementor elementor-6688\">\n\t\t\t\t\t\t<section class=\"elementor-section elementor-top-section elementor-element elementor-element-513d596 elementor-section-boxed elementor-section-height-default elementor-section-height-default\" data-id=\"513d596\" data-element_type=\"section\" data-e-type=\"section\">\n\t\t\t\t\t\t\t<div class=\"elementor-background-overlay\"><\/div>\n\t\t\t\t\t\t\t<div class=\"elementor-container elementor-column-gap-default\">\n\t\t\t\t\t<div class=\"elementor-column elementor-col-50 elementor-top-column elementor-element elementor-element-3b7a709 animated-fast elementor-invisible\" data-id=\"3b7a709\" data-element_type=\"column\" data-e-type=\"column\" data-settings=\"{&quot;animation&quot;:&quot;fadeInLeft&quot;}\">\n\t\t\t<div class=\"elementor-widget-wrap elementor-element-populated\">\n\t\t\t\t\t\t<div class=\"elementor-element elementor-element-ce5d612 elementor-widget elementor-widget-text-editor\" data-id=\"ce5d612\" data-element_type=\"widget\" data-e-type=\"widget\" data-widget_type=\"text-editor.default\">\n\t\t\t\t<div class=\"elementor-widget-container\">\n\t\t\t\t\t\t\t\t\t<p><b>J\u00e4tkupoom<\/b>, ehk ekskavaatori noole pikendus on m\u00f5eldud kaeveulatuse pikenduseks.<\/p><p><b>Tehniline info<\/b>:<\/p><ul><li>Raam: keevitatud teraskonstruktsioon<\/li><li>H\u00fcdraulika: \u00fcks h\u00fcdrosilinder<\/li><li>Pikkus: 4m<\/li><li>Kaal: 913 kg (adapteriga NTP-10)<\/li><\/ul>\t\t\t\t\t\t\t\t<\/div>\n\t\t\t\t<\/div>\n\t\t\t\t\t<\/div>\n\t\t<\/div>\n\t\t\t\t<div class=\"elementor-column elementor-col-50 elementor-top-column elementor-element elementor-element-b0324bd animated-fast elementor-invisible\" data-id=\"b0324bd\" data-element_type=\"column\" data-e-type=\"column\" data-settings=\"{&quot;animation&quot;:&quot;fadeInRight&quot;}\">\n\t\t\t<div class=\"elementor-widget-wrap elementor-element-populated\">\n\t\t\t\t\t\t<div class=\"elementor-element elementor-element-c5d7424 elementor-widget elementor-widget-image\" data-id=\"c5d7424\" data-element_type=\"widget\" data-e-type=\"widget\" data-widget_type=\"image.default\">\n\t\t\t\t<div class=\"elementor-widget-container\">\n\t\t\t\t\t\t\t\t\t\t\t\t\t\t\t<img fetchpriority=\"high\" decoding=\"async\" width=\"600\" height=\"450\" src=\"https:\/\/www.rpmt.ee\/wp-content\/uploads\/2022\/06\/Ekskavatroi-noolepikendus-Excavator-boom-extension-1024x768.jpg\" class=\"attachment-large size-large wp-image-6290\" alt=\"\" srcset=\"https:\/\/www.rpmt.ee\/wp-content\/uploads\/2022\/06\/Ekskavatroi-noolepikendus-Excavator-boom-extension-1024x768.jpg 1024w, https:\/\/www.rpmt.ee\/wp-content\/uploads\/2022\/06\/Ekskavatroi-noolepikendus-Excavator-boom-extension-300x225.jpg 300w, https:\/\/www.rpmt.ee\/wp-content\/uploads\/2022\/06\/Ekskavatroi-noolepikendus-Excavator-boom-extension-768x576.jpg 768w, https:\/\/www.rpmt.ee\/wp-content\/uploads\/2022\/06\/Ekskavatroi-noolepikendus-Excavator-boom-extension-1536x1152.jpg 1536w, https:\/\/www.rpmt.ee\/wp-content\/uploads\/2022\/06\/Ekskavatroi-noolepikendus-Excavator-boom-extension.jpg 1600w\" sizes=\"(max-width: 600px) 100vw, 600px\" \/>\t\t\t\t\t\t\t\t\t\t\t\t\t\t\t<\/div>\n\t\t\t\t<\/div>\n\t\t\t\t<div class=\"elementor-element elementor-element-d1f5e2a elementor-icon-list--layout-inline elementor-align-start elementor-mobile-align-start elementor-list-item-link-full_width elementor-widget elementor-widget-icon-list\" data-id=\"d1f5e2a\" data-element_type=\"widget\" data-e-type=\"widget\" data-widget_type=\"icon-list.default\">\n\t\t\t\t<div class=\"elementor-widget-container\">\n\t\t\t\t\t\t\t<ul class=\"elementor-icon-list-items elementor-inline-items\">\n\t\t\t\t\t\t\t<li class=\"elementor-icon-list-item elementor-inline-item\">\n\t\t\t\t\t\t\t\t\t\t\t<a href=\"https:\/\/www.rpmt.ee\/wp-content\/uploads\/2024\/02\/Jatkupoom-eskiis.pdf\">\n\n\t\t\t\t\t\t\t\t\t\t\t\t<span class=\"elementor-icon-list-icon\">\n\t\t\t\t\t\t\t<i aria-hidden=\"true\" class=\"far fa-object-group\"><\/i>\t\t\t\t\t\t<\/span>\n\t\t\t\t\t\t\t\t\t\t<span class=\"elementor-icon-list-text\">Eskiis<\/span>\n\t\t\t\t\t\t\t\t\t\t\t<\/a>\n\t\t\t\t\t\t\t\t\t<\/li>\n\t\t\t\t\t\t\t\t<li class=\"elementor-icon-list-item elementor-inline-item\">\n\t\t\t\t\t\t\t\t\t\t\t<a href=\"https:\/\/www.rpmt.ee\/?page_id=5610\">\n\n\t\t\t\t\t\t\t\t\t\t\t\t<span class=\"elementor-icon-list-icon\">\n\t\t\t\t\t\t\t<i aria-hidden=\"true\" class=\"far fa-envelope\"><\/i>\t\t\t\t\t\t<\/span>\n\t\t\t\t\t\t\t\t\t\t<span class=\"elementor-icon-list-text\">V\u00f5ta \u00fchendust!<\/span>\n\t\t\t\t\t\t\t\t\t\t\t<\/a>\n\t\t\t\t\t\t\t\t\t<\/li>\n\t\t\t\t\t\t<\/ul>\n\t\t\t\t\t\t<\/div>\n\t\t\t\t<\/div>\n\t\t\t\t\t<\/div>\n\t\t<\/div>\n\t\t\t\t\t<\/div>\n\t\t<\/section>\n\t\t\t\t<\/div>\n\t\t","protected":false},"excerpt":{"rendered":"<p>J\u00e4tkupoom, ehk ekskavaatori noole pikendus on m\u00f5eldud kaeveulatuse pikenduseks. Tehniline info: Raam: keevitatud teraskonstruktsioon H\u00fcdraulika: \u00fcks h\u00fcdrosilinder Pikkus: 4m Kaal: 913 kg (adapteriga NTP-10) Eskiis V\u00f5ta \u00fchendust!<\/p>\n","protected":false},"author":1,"featured_media":0,"parent":0,"menu_order":0,"comment_status":"closed","ping_status":"closed","template":"","meta":{"footnotes":""},"class_list":["post-6688","page","type-page","status-publish","hentry"],"lang":"et","translations":{"en":6853,"et":6688},"pll_sync_post":[],"_links":{"self":[{"href":"https:\/\/www.rpmt.ee\/index.php?rest_route=\/wp\/v2\/pages\/6688","targetHints":{"allow":["GET"]}}],"collection":[{"href":"https:\/\/www.rpmt.ee\/index.php?rest_route=\/wp\/v2\/pages"}],"about":[{"href":"https:\/\/www.rpmt.ee\/index.php?rest_route=\/wp\/v2\/types\/page"}],"author":[{"embeddable":true,"href":"https:\/\/www.rpmt.ee\/index.php?rest_route=\/wp\/v2\/users\/1"}],"replies":[{"embeddable":true,"href":"https:\/\/www.rpmt.ee\/index.php?rest_route=%2Fwp%2Fv2%2Fcomments&post=6688"}],"version-history":[{"count":31,"href":"https:\/\/www.rpmt.ee\/index.php?rest_route=\/wp\/v2\/pages\/6688\/revisions"}],"predecessor-version":[{"id":7553,"href":"https:\/\/www.rpmt.ee\/index.php?rest_route=\/wp\/v2\/pages\/6688\/revisions\/7553"}],"wp:attachment":[{"href":"https:\/\/www.rpmt.ee\/index.php?rest_route=%2Fwp%2Fv2%2Fmedia&parent=6688"}],"curies":[{"name":"wp","href":"https:\/\/api.w.org\/{rel}","templated":true}]}}