{"id":6684,"date":"2024-02-08T11:00:15","date_gmt":"2024-02-08T09:00:15","guid":{"rendered":"https:\/\/www.rpmt.ee\/?page_id=6684"},"modified":"2024-04-04T07:15:13","modified_gmt":"2024-04-04T05:15:13","slug":"passiivfrees","status":"publish","type":"page","link":"https:\/\/www.rpmt.ee\/?page_id=6684","title":{"rendered":"Passiivfrees"},"content":{"rendered":"\t\t<div data-elementor-type=\"wp-page\" data-elementor-id=\"6684\" class=\"elementor elementor-6684\">\n\t\t\t\t\t\t<section class=\"elementor-section elementor-top-section elementor-element elementor-element-5c63525 elementor-section-boxed elementor-section-height-default elementor-section-height-default\" data-id=\"5c63525\" data-element_type=\"section\" data-e-type=\"section\">\n\t\t\t\t\t\t\t<div class=\"elementor-background-overlay\"><\/div>\n\t\t\t\t\t\t\t<div class=\"elementor-container elementor-column-gap-default\">\n\t\t\t\t\t<div class=\"elementor-column elementor-col-50 elementor-top-column elementor-element elementor-element-1fb55f8 animated-fast elementor-invisible\" data-id=\"1fb55f8\" data-element_type=\"column\" data-e-type=\"column\" data-settings=\"{&quot;animation&quot;:&quot;fadeInLeft&quot;}\">\n\t\t\t<div class=\"elementor-widget-wrap elementor-element-populated\">\n\t\t\t\t\t\t<div class=\"elementor-element elementor-element-a864b9d elementor-widget elementor-widget-text-editor\" data-id=\"a864b9d\" data-element_type=\"widget\" data-e-type=\"widget\" data-widget_type=\"text-editor.default\">\n\t\t\t\t<div class=\"elementor-widget-container\">\n\t\t\t\t\t\t\t\t\t<p>Sobib traktorile alates 40kW ja on turba freesimiseks m\u00f5eldud seade.<\/p><p><strong style=\"font-size: 19px; text-align: inherit;\">Tehniline info:<\/strong><\/p><ul><li>Raam: Keevitatud teraskonstruktsioon<\/li><li>H\u00fcdraulika: 3 silindrit<\/li><li>T\u00f6\u00f6laius: 9,7m<\/li><li>Kaal: 1466kg<\/li><\/ul>\t\t\t\t\t\t\t\t<\/div>\n\t\t\t\t<\/div>\n\t\t\t\t\t<\/div>\n\t\t<\/div>\n\t\t\t\t<div class=\"elementor-column elementor-col-50 elementor-top-column elementor-element elementor-element-e89cc0b animated-fast elementor-invisible\" data-id=\"e89cc0b\" data-element_type=\"column\" data-e-type=\"column\" data-settings=\"{&quot;animation&quot;:&quot;fadeInRight&quot;}\">\n\t\t\t<div class=\"elementor-widget-wrap elementor-element-populated\">\n\t\t\t\t\t\t<div class=\"elementor-element elementor-element-40fba20 elementor-widget elementor-widget-image\" data-id=\"40fba20\" data-element_type=\"widget\" data-e-type=\"widget\" data-widget_type=\"image.default\">\n\t\t\t\t<div class=\"elementor-widget-container\">\n\t\t\t\t\t\t\t\t\t\t\t\t\t\t\t<img fetchpriority=\"high\" decoding=\"async\" width=\"600\" height=\"450\" src=\"https:\/\/www.rpmt.ee\/wp-content\/uploads\/2024\/02\/passiivfrees-ikoonile-vaikselt-1024x768.jpg\" class=\"attachment-large size-large wp-image-6814\" alt=\"\" srcset=\"https:\/\/www.rpmt.ee\/wp-content\/uploads\/2024\/02\/passiivfrees-ikoonile-vaikselt-1024x768.jpg 1024w, https:\/\/www.rpmt.ee\/wp-content\/uploads\/2024\/02\/passiivfrees-ikoonile-vaikselt-300x225.jpg 300w, https:\/\/www.rpmt.ee\/wp-content\/uploads\/2024\/02\/passiivfrees-ikoonile-vaikselt-768x576.jpg 768w, https:\/\/www.rpmt.ee\/wp-content\/uploads\/2024\/02\/passiivfrees-ikoonile-vaikselt-1536x1152.jpg 1536w, https:\/\/www.rpmt.ee\/wp-content\/uploads\/2024\/02\/passiivfrees-ikoonile-vaikselt.jpg 1600w\" sizes=\"(max-width: 600px) 100vw, 600px\" \/>\t\t\t\t\t\t\t\t\t\t\t\t\t\t\t<\/div>\n\t\t\t\t<\/div>\n\t\t\t\t<div class=\"elementor-element elementor-element-f46b1b9 elementor-icon-list--layout-inline elementor-align-start elementor-mobile-align-start elementor-list-item-link-full_width elementor-widget elementor-widget-icon-list\" data-id=\"f46b1b9\" data-element_type=\"widget\" data-e-type=\"widget\" data-widget_type=\"icon-list.default\">\n\t\t\t\t<div class=\"elementor-widget-container\">\n\t\t\t\t\t\t\t<ul class=\"elementor-icon-list-items elementor-inline-items\">\n\t\t\t\t\t\t\t<li class=\"elementor-icon-list-item elementor-inline-item\">\n\t\t\t\t\t\t\t\t\t\t\t<a href=\"https:\/\/www.rpmt.ee\/wp-content\/uploads\/2024\/02\/Passiivfrees-eskiis.pdf\">\n\n\t\t\t\t\t\t\t\t\t\t\t\t<span class=\"elementor-icon-list-icon\">\n\t\t\t\t\t\t\t<i aria-hidden=\"true\" class=\"far fa-object-group\"><\/i>\t\t\t\t\t\t<\/span>\n\t\t\t\t\t\t\t\t\t\t<span class=\"elementor-icon-list-text\">Eskiis<\/span>\n\t\t\t\t\t\t\t\t\t\t\t<\/a>\n\t\t\t\t\t\t\t\t\t<\/li>\n\t\t\t\t\t\t\t\t<li class=\"elementor-icon-list-item elementor-inline-item\">\n\t\t\t\t\t\t\t\t\t\t\t<a href=\"https:\/\/www.rpmt.ee\/?page_id=5610\">\n\n\t\t\t\t\t\t\t\t\t\t\t\t<span class=\"elementor-icon-list-icon\">\n\t\t\t\t\t\t\t<i aria-hidden=\"true\" class=\"far fa-envelope\"><\/i>\t\t\t\t\t\t<\/span>\n\t\t\t\t\t\t\t\t\t\t<span class=\"elementor-icon-list-text\">V\u00f5ta \u00fchendust!<\/span>\n\t\t\t\t\t\t\t\t\t\t\t<\/a>\n\t\t\t\t\t\t\t\t\t<\/li>\n\t\t\t\t\t\t<\/ul>\n\t\t\t\t\t\t<\/div>\n\t\t\t\t<\/div>\n\t\t\t\t\t<\/div>\n\t\t<\/div>\n\t\t\t\t\t<\/div>\n\t\t<\/section>\n\t\t\t\t<\/div>\n\t\t","protected":false},"excerpt":{"rendered":"<p>Sobib traktorile alates 40kW ja on turba freesimiseks m\u00f5eldud seade. Tehniline info: Raam: Keevitatud teraskonstruktsioon H\u00fcdraulika: 3 silindrit T\u00f6\u00f6laius: 9,7m Kaal: 1466kg Eskiis V\u00f5ta \u00fchendust!<\/p>\n","protected":false},"author":1,"featured_media":0,"parent":0,"menu_order":0,"comment_status":"closed","ping_status":"closed","template":"","meta":{"footnotes":""},"class_list":["post-6684","page","type-page","status-publish","hentry"],"lang":"et","translations":{"en":6849,"et":6684},"pll_sync_post":[],"_links":{"self":[{"href":"https:\/\/www.rpmt.ee\/index.php?rest_route=\/wp\/v2\/pages\/6684","targetHints":{"allow":["GET"]}}],"collection":[{"href":"https:\/\/www.rpmt.ee\/index.php?rest_route=\/wp\/v2\/pages"}],"about":[{"href":"https:\/\/www.rpmt.ee\/index.php?rest_route=\/wp\/v2\/types\/page"}],"author":[{"embeddable":true,"href":"https:\/\/www.rpmt.ee\/index.php?rest_route=\/wp\/v2\/users\/1"}],"replies":[{"embeddable":true,"href":"https:\/\/www.rpmt.ee\/index.php?rest_route=%2Fwp%2Fv2%2Fcomments&post=6684"}],"version-history":[{"count":32,"href":"https:\/\/www.rpmt.ee\/index.php?rest_route=\/wp\/v2\/pages\/6684\/revisions"}],"predecessor-version":[{"id":7559,"href":"https:\/\/www.rpmt.ee\/index.php?rest_route=\/wp\/v2\/pages\/6684\/revisions\/7559"}],"wp:attachment":[{"href":"https:\/\/www.rpmt.ee\/index.php?rest_route=%2Fwp%2Fv2%2Fmedia&parent=6684"}],"curies":[{"name":"wp","href":"https:\/\/api.w.org\/{rel}","templated":true}]}}