{"id":6339,"date":"2022-06-10T08:07:30","date_gmt":"2022-06-10T08:07:30","guid":{"rendered":"http:\/\/www.rpmt.ee\/?page_id=6339"},"modified":"2024-12-09T21:48:58","modified_gmt":"2024-12-09T19:48:58","slug":"peat-production","status":"publish","type":"page","link":"https:\/\/www.rpmt.ee\/?page_id=6339&lang=en","title":{"rendered":"Peat Production"},"content":{"rendered":"\t\t<div data-elementor-type=\"wp-page\" data-elementor-id=\"6339\" class=\"elementor elementor-6339\">\n\t\t\t\t\t\t<section class=\"elementor-section elementor-top-section elementor-element elementor-element-2ffb132 elementor-section-boxed elementor-section-height-default elementor-section-height-default\" data-id=\"2ffb132\" data-element_type=\"section\" data-e-type=\"section\">\n\t\t\t\t\t\t<div class=\"elementor-container elementor-column-gap-default\">\n\t\t\t\t\t<div class=\"elementor-column elementor-col-100 elementor-top-column elementor-element elementor-element-587d7f9\" data-id=\"587d7f9\" data-element_type=\"column\" data-e-type=\"column\">\n\t\t\t<div class=\"elementor-widget-wrap elementor-element-populated\">\n\t\t\t\t\t\t<div class=\"elementor-element elementor-element-15c3460 elementor-widget elementor-widget-heading\" data-id=\"15c3460\" data-element_type=\"widget\" data-e-type=\"widget\" data-widget_type=\"heading.default\">\n\t\t\t\t<div class=\"elementor-widget-container\">\n\t\t\t\t\t<h2 class=\"elementor-heading-title elementor-size-default\">Our company produces milled peat for horticulture and plant growing.<\/h2>\t\t\t\t<\/div>\n\t\t\t\t<\/div>\n\t\t\t\t<div class=\"elementor-element elementor-element-f2d84b5 elementor-widget elementor-widget-text-editor\" data-id=\"f2d84b5\" data-element_type=\"widget\" data-e-type=\"widget\" data-widget_type=\"text-editor.default\">\n\t\t\t\t<div class=\"elementor-widget-container\">\n\t\t\t\t\t\t\t\t\t<p>The usable area of our peatfields is ca 650 ha and all peat deposits are located in county L\u00e4\u00e4ne-Virumaa.<\/p>\t\t\t\t\t\t\t\t<\/div>\n\t\t\t\t<\/div>\n\t\t\t\t\t<\/div>\n\t\t<\/div>\n\t\t\t\t\t<\/div>\n\t\t<\/section>\n\t\t\t\t<section class=\"elementor-section elementor-top-section elementor-element elementor-element-6476c58 elementor-section-boxed elementor-section-height-default elementor-section-height-default\" data-id=\"6476c58\" data-element_type=\"section\" data-e-type=\"section\">\n\t\t\t\t\t\t<div class=\"elementor-container elementor-column-gap-default\">\n\t\t\t\t\t<div class=\"elementor-column elementor-col-50 elementor-top-column elementor-element elementor-element-f3aa87e animated-fast elementor-invisible\" data-id=\"f3aa87e\" data-element_type=\"column\" data-e-type=\"column\" data-settings=\"{&quot;animation&quot;:&quot;fadeInLeft&quot;}\">\n\t\t\t<div class=\"elementor-widget-wrap elementor-element-populated\">\n\t\t\t\t\t\t<div class=\"elementor-element elementor-element-9e9b1c5 elementor-widget elementor-widget-heading\" data-id=\"9e9b1c5\" data-element_type=\"widget\" data-e-type=\"widget\" data-widget_type=\"heading.default\">\n\t\t\t\t<div class=\"elementor-widget-container\">\n\t\t\t\t\t<h2 class=\"elementor-heading-title elementor-size-default\">Milled peat loose<\/h2>\t\t\t\t<\/div>\n\t\t\t\t<\/div>\n\t\t\t\t<div class=\"elementor-element elementor-element-7bd1bd09 elementor-widget elementor-widget-image\" data-id=\"7bd1bd09\" data-element_type=\"widget\" data-e-type=\"widget\" data-widget_type=\"image.default\">\n\t\t\t\t<div class=\"elementor-widget-container\">\n\t\t\t\t\t\t\t\t\t\t\t\t\t\t\t\t<a href=\"https:\/\/www.rpmt.ee\/wp-content\/uploads\/2022\/06\/Freesturvas.jpg\" data-elementor-open-lightbox=\"yes\" data-e-action-hash=\"#elementor-action%3Aaction%3Dlightbox%26settings%3DeyJpZCI6NTk1MywidXJsIjoiaHR0cHM6XC9cL3d3dy5ycG10LmVlXC93cC1jb250ZW50XC91cGxvYWRzXC8yMDIyXC8wNlwvRnJlZXN0dXJ2YXMuanBnIn0%3D\">\n\t\t\t\t\t\t\t<img fetchpriority=\"high\" decoding=\"async\" width=\"600\" height=\"348\" src=\"https:\/\/www.rpmt.ee\/wp-content\/uploads\/2022\/06\/Freesturvas.jpg\" class=\"attachment-large size-large wp-image-5953\" alt=\"\" srcset=\"https:\/\/www.rpmt.ee\/wp-content\/uploads\/2022\/06\/Freesturvas.jpg 1004w, https:\/\/www.rpmt.ee\/wp-content\/uploads\/2022\/06\/Freesturvas-300x174.jpg 300w, https:\/\/www.rpmt.ee\/wp-content\/uploads\/2022\/06\/Freesturvas-768x445.jpg 768w\" sizes=\"(max-width: 600px) 100vw, 600px\" \/>\t\t\t\t\t\t\t\t<\/a>\n\t\t\t\t\t\t\t\t\t\t\t\t\t\t\t<\/div>\n\t\t\t\t<\/div>\n\t\t\t\t<div class=\"elementor-element elementor-element-f906cae elementor-widget elementor-widget-text-editor\" data-id=\"f906cae\" data-element_type=\"widget\" data-e-type=\"widget\" data-widget_type=\"text-editor.default\">\n\t\t\t\t<div class=\"elementor-widget-container\">\n\t\t\t\t\t\t\t\t\t<strong>Qualities<\/strong>:\n<table border=\"0\" width=\"100%\">\n<tbody>\n<tr>\n<td width=\"50%\">Degree of decomposition<\/td>\n<td width=\"50%\">H4 &#8230; H6<\/td>\n<\/tr>\n<tr>\n<td>Water absorption<\/td>\n<td>460 &#8230; 620<\/td>\n<\/tr>\n<tr>\n<td>pH<\/td>\n<td>4,0 &#8230; 4,4<\/td>\n<\/tr>\n<tr>\n<td>Moisture %<\/td>\n<td>40 &#8230; 60%<\/td>\n<\/tr>\n<\/tbody>\n<\/table>\t\t\t\t\t\t\t\t<\/div>\n\t\t\t\t<\/div>\n\t\t\t\t<div class=\"elementor-element elementor-element-882acb7 elementor-alert-info elementor-widget elementor-widget-alert\" data-id=\"882acb7\" data-element_type=\"widget\" data-e-type=\"widget\" data-widget_type=\"alert.default\">\n\t\t\t\t<div class=\"elementor-widget-container\">\n\t\t\t\t\t\t\t<div class=\"elementor-alert\" role=\"alert\">\n\n\t\t\t\t\t\t<span class=\"elementor-alert-title\">Shipping:<\/span>\n\t\t\t\n\t\t\t\t\t\t<span class=\"elementor-alert-description\">Loose - loaded in holds<\/span>\n\t\t\t\n\t\t\t\t\t\t<button type=\"button\" class=\"elementor-alert-dismiss\" aria-label=\"Dismiss this alert.\">\n\t\t\t\t\t\t\t\t\t<span aria-hidden=\"true\">&times;<\/span>\n\t\t\t\t\t\t\t<\/button>\n\t\t\t\n\t\t<\/div>\n\t\t\t\t\t\t<\/div>\n\t\t\t\t<\/div>\n\t\t\t\t\t<\/div>\n\t\t<\/div>\n\t\t\t\t<div class=\"elementor-column elementor-col-50 elementor-top-column elementor-element elementor-element-43932fa animated-fast elementor-invisible\" data-id=\"43932fa\" data-element_type=\"column\" data-e-type=\"column\" data-settings=\"{&quot;animation&quot;:&quot;fadeInRight&quot;}\">\n\t\t\t<div class=\"elementor-widget-wrap elementor-element-populated\">\n\t\t\t\t\t\t<div class=\"elementor-element elementor-element-03d403a elementor-widget elementor-widget-heading\" data-id=\"03d403a\" data-element_type=\"widget\" data-e-type=\"widget\" data-widget_type=\"heading.default\">\n\t\t\t\t<div class=\"elementor-widget-container\">\n\t\t\t\t\t<h2 class=\"elementor-heading-title elementor-size-default\">Big Bales 6000L <\/h2>\t\t\t\t<\/div>\n\t\t\t\t<\/div>\n\t\t\t\t<div class=\"elementor-element elementor-element-01b54c7 elementor-widget elementor-widget-image\" data-id=\"01b54c7\" data-element_type=\"widget\" data-e-type=\"widget\" data-widget_type=\"image.default\">\n\t\t\t\t<div class=\"elementor-widget-container\">\n\t\t\t\t\t\t\t\t\t\t\t\t\t\t\t\t<a href=\"https:\/\/www.rpmt.ee\/wp-content\/uploads\/2022\/06\/Suurpallid.jpg\" data-elementor-open-lightbox=\"yes\" data-e-action-hash=\"#elementor-action%3Aaction%3Dlightbox%26settings%3DeyJpZCI6NTk1NCwidXJsIjoiaHR0cHM6XC9cL3d3dy5ycG10LmVlXC93cC1jb250ZW50XC91cGxvYWRzXC8yMDIyXC8wNlwvU3V1cnBhbGxpZC5qcGcifQ%3D%3D\">\n\t\t\t\t\t\t\t<img decoding=\"async\" width=\"600\" height=\"348\" src=\"https:\/\/www.rpmt.ee\/wp-content\/uploads\/2022\/06\/Suurpallid.jpg\" class=\"attachment-large size-large wp-image-5954\" alt=\"\" srcset=\"https:\/\/www.rpmt.ee\/wp-content\/uploads\/2022\/06\/Suurpallid.jpg 1004w, https:\/\/www.rpmt.ee\/wp-content\/uploads\/2022\/06\/Suurpallid-300x174.jpg 300w, https:\/\/www.rpmt.ee\/wp-content\/uploads\/2022\/06\/Suurpallid-768x445.jpg 768w\" sizes=\"(max-width: 600px) 100vw, 600px\" \/>\t\t\t\t\t\t\t\t<\/a>\n\t\t\t\t\t\t\t\t\t\t\t\t\t\t\t<\/div>\n\t\t\t\t<\/div>\n\t\t\t\t<div class=\"elementor-element elementor-element-67717bc elementor-widget elementor-widget-text-editor\" data-id=\"67717bc\" data-element_type=\"widget\" data-e-type=\"widget\" data-widget_type=\"text-editor.default\">\n\t\t\t\t<div class=\"elementor-widget-container\">\n\t\t\t\t\t\t\t\t\t<p><strong>We also pack milled peat into 6m\u00b3 Big Bales.<\/strong><\/p>\n<p>Packaging: on a wooden pallet measuring 105x114cm, wrapped in a film. The height of the big bale is about 2.5m.<\/p>\n<p><strong>Screening<\/strong><br>0\u202610 mm<br>10\u202640 mm<br>0\u202665 mm<\/p>\t\t\t\t\t\t\t\t<\/div>\n\t\t\t\t<\/div>\n\t\t\t\t<div class=\"elementor-element elementor-element-31f09d6 elementor-alert-info elementor-widget elementor-widget-alert\" data-id=\"31f09d6\" data-element_type=\"widget\" data-e-type=\"widget\" data-widget_type=\"alert.default\">\n\t\t\t\t<div class=\"elementor-widget-container\">\n\t\t\t\t\t\t\t<div class=\"elementor-alert\" role=\"alert\">\n\n\t\t\t\t\t\t<span class=\"elementor-alert-title\">Transport:<\/span>\n\t\t\t\n\t\t\t\t\t\t<span class=\"elementor-alert-description\"><b>Motor transport<\/b>: up to 24 bales on the truck\n<br><b>Transport in container<\/b>: 22 bales in container\n<br><b>Shipping<\/b>: Loaded on the deck<\/span>\n\t\t\t\n\t\t\t\t\t\t<button type=\"button\" class=\"elementor-alert-dismiss\" aria-label=\"Dismiss this alert.\">\n\t\t\t\t\t\t\t\t\t<span aria-hidden=\"true\">&times;<\/span>\n\t\t\t\t\t\t\t<\/button>\n\t\t\t\n\t\t<\/div>\n\t\t\t\t\t\t<\/div>\n\t\t\t\t<\/div>\n\t\t\t\t\t<\/div>\n\t\t<\/div>\n\t\t\t\t\t<\/div>\n\t\t<\/section>\n\t\t\t\t<section class=\"elementor-section elementor-top-section elementor-element elementor-element-7220f1a elementor-section-boxed elementor-section-height-default elementor-section-height-default\" data-id=\"7220f1a\" data-element_type=\"section\" data-e-type=\"section\">\n\t\t\t\t\t\t<div class=\"elementor-container elementor-column-gap-default\">\n\t\t\t\t\t<div class=\"elementor-column elementor-col-100 elementor-top-column elementor-element elementor-element-17e86e3\" data-id=\"17e86e3\" data-element_type=\"column\" data-e-type=\"column\">\n\t\t\t<div class=\"elementor-widget-wrap elementor-element-populated\">\n\t\t\t\t\t\t<div class=\"elementor-element elementor-element-99225bf elementor-widget elementor-widget-spacer\" data-id=\"99225bf\" data-element_type=\"widget\" data-e-type=\"widget\" data-widget_type=\"spacer.default\">\n\t\t\t\t<div class=\"elementor-widget-container\">\n\t\t\t\t\t\t\t<div class=\"elementor-spacer\">\n\t\t\t<div class=\"elementor-spacer-inner\"><\/div>\n\t\t<\/div>\n\t\t\t\t\t\t<\/div>\n\t\t\t\t<\/div>\n\t\t\t\t\t<\/div>\n\t\t<\/div>\n\t\t\t\t\t<\/div>\n\t\t<\/section>\n\t\t\t\t<section class=\"elementor-section elementor-top-section elementor-element elementor-element-12e713e elementor-section-boxed elementor-section-height-default elementor-section-height-default elementor-invisible\" data-id=\"12e713e\" data-element_type=\"section\" data-e-type=\"section\" data-settings=\"{&quot;animation&quot;:&quot;fadeInUp&quot;}\">\n\t\t\t\t\t\t\t<div class=\"elementor-background-overlay\"><\/div>\n\t\t\t\t\t\t\t<div class=\"elementor-container elementor-column-gap-default\">\n\t\t\t\t\t<div class=\"elementor-column elementor-col-25 elementor-top-column elementor-element elementor-element-fe88e51\" data-id=\"fe88e51\" data-element_type=\"column\" data-e-type=\"column\">\n\t\t\t<div class=\"elementor-widget-wrap elementor-element-populated\">\n\t\t\t\t\t\t<div class=\"elementor-element elementor-element-20488ae elementor-view-default elementor-widget elementor-widget-icon\" data-id=\"20488ae\" data-element_type=\"widget\" data-e-type=\"widget\" data-widget_type=\"icon.default\">\n\t\t\t\t<div class=\"elementor-widget-container\">\n\t\t\t\t\t\t\t<div class=\"elementor-icon-wrapper\">\n\t\t\t<div class=\"elementor-icon\">\n\t\t\t<i aria-hidden=\"true\" class=\"fas fa-map-marker-alt\"><\/i>\t\t\t<\/div>\n\t\t<\/div>\n\t\t\t\t\t\t<\/div>\n\t\t\t\t<\/div>\n\t\t\t\t<div class=\"elementor-element elementor-element-c239b53 elementor-widget elementor-widget-text-editor\" data-id=\"c239b53\" data-element_type=\"widget\" data-e-type=\"widget\" data-widget_type=\"text-editor.default\">\n\t\t\t\t<div class=\"elementor-widget-container\">\n\t\t\t\t\t\t\t\t\t<p><a href=\"https:\/\/www.google.ee\/maps\/place\/Puiestee+2,+S%C3%B5meru,+44201+L%C3%A4%C3%A4ne-Viru+maakond\/@59.3601992,26.4324604,17z\/data=!3m1!4b1!4m5!3m4!1s0x4693761688f31c19:0xd22b9cc227f58e0e!8m2!3d59.3601965!4d26.4346491?hl=et\" target=\"_blank\" rel=\"noopener\">Puiestee 2, 44201 S\u00f5meru, L\u00e4\u00e4ne-Virumaa<\/a><\/p>\t\t\t\t\t\t\t\t<\/div>\n\t\t\t\t<\/div>\n\t\t\t\t\t<\/div>\n\t\t<\/div>\n\t\t\t\t<div class=\"elementor-column elementor-col-25 elementor-top-column elementor-element elementor-element-1f2bf7e\" data-id=\"1f2bf7e\" data-element_type=\"column\" data-e-type=\"column\">\n\t\t\t<div class=\"elementor-widget-wrap elementor-element-populated\">\n\t\t\t\t\t\t<div class=\"elementor-element elementor-element-3136773 elementor-view-default elementor-widget elementor-widget-icon\" data-id=\"3136773\" data-element_type=\"widget\" data-e-type=\"widget\" data-widget_type=\"icon.default\">\n\t\t\t\t<div class=\"elementor-widget-container\">\n\t\t\t\t\t\t\t<div class=\"elementor-icon-wrapper\">\n\t\t\t<div class=\"elementor-icon\">\n\t\t\t<i aria-hidden=\"true\" class=\"fas fa-mail-bulk\"><\/i>\t\t\t<\/div>\n\t\t<\/div>\n\t\t\t\t\t\t<\/div>\n\t\t\t\t<\/div>\n\t\t\t\t<div class=\"elementor-element elementor-element-66df81e elementor-widget elementor-widget-text-editor\" data-id=\"66df81e\" data-element_type=\"widget\" data-e-type=\"widget\" data-widget_type=\"text-editor.default\">\n\t\t\t\t<div class=\"elementor-widget-container\">\n\t\t\t\t\t\t\t\t\t<p><a href=\"mailto:rpmt@rpmt.ee\">rpmt@rpmt.ee<\/a><\/p>\t\t\t\t\t\t\t\t<\/div>\n\t\t\t\t<\/div>\n\t\t\t\t\t<\/div>\n\t\t<\/div>\n\t\t\t\t<div class=\"elementor-column elementor-col-25 elementor-top-column elementor-element elementor-element-107a95e\" data-id=\"107a95e\" data-element_type=\"column\" data-e-type=\"column\">\n\t\t\t<div class=\"elementor-widget-wrap elementor-element-populated\">\n\t\t\t\t\t\t<div class=\"elementor-element elementor-element-829faa1 elementor-view-default elementor-widget elementor-widget-icon\" data-id=\"829faa1\" data-element_type=\"widget\" data-e-type=\"widget\" data-widget_type=\"icon.default\">\n\t\t\t\t<div class=\"elementor-widget-container\">\n\t\t\t\t\t\t\t<div class=\"elementor-icon-wrapper\">\n\t\t\t<div class=\"elementor-icon\">\n\t\t\t<i aria-hidden=\"true\" class=\"fas fa-phone-alt\"><\/i>\t\t\t<\/div>\n\t\t<\/div>\n\t\t\t\t\t\t<\/div>\n\t\t\t\t<\/div>\n\t\t\t\t<div class=\"elementor-element elementor-element-c8100ef elementor-widget elementor-widget-text-editor\" data-id=\"c8100ef\" data-element_type=\"widget\" data-e-type=\"widget\" data-widget_type=\"text-editor.default\">\n\t\t\t\t<div class=\"elementor-widget-container\">\n\t\t\t\t\t\t\t\t\t<p><a href=\"tel: +372 327 0870\">+372 327 0870<\/a><br \/>General, sales<br \/><img decoding=\"async\" class=\"alignnone size-full wp-image-6430\" src=\"https:\/\/www.rpmt.ee\/wp-content\/uploads\/2022\/06\/est.png\" alt=\"\" width=\"16\" height=\"11\" \/> <img loading=\"lazy\" decoding=\"async\" class=\"alignnone size-full wp-image-6432\" src=\"https:\/\/www.rpmt.ee\/wp-content\/uploads\/2022\/06\/eng.png\" alt=\"\" width=\"16\" height=\"11\" \/>\u00a0<img loading=\"lazy\" decoding=\"async\" class=\"alignnone size-full wp-image-6430\" style=\"font-size: 19px; background-color: #ffffff;\" src=\"https:\/\/www.rpmt.ee\/wp-content\/uploads\/2022\/06\/rus.png\" alt=\"\" width=\"16\" height=\"11\" \/><span style=\"font-size: 19px; background-color: #ffffff;\">\u00a0<\/span><img loading=\"lazy\" decoding=\"async\" class=\"alignnone size-full wp-image-6432\" style=\"font-size: 19px; background-color: #ffffff;\" src=\"https:\/\/www.rpmt.ee\/wp-content\/uploads\/2022\/06\/ger.png\" alt=\"\" width=\"16\" height=\"11\" \/><\/p>\t\t\t\t\t\t\t\t<\/div>\n\t\t\t\t<\/div>\n\t\t\t\t\t<\/div>\n\t\t<\/div>\n\t\t\t\t<div class=\"elementor-column elementor-col-25 elementor-top-column elementor-element elementor-element-d854ec0\" data-id=\"d854ec0\" data-element_type=\"column\" data-e-type=\"column\">\n\t\t\t<div class=\"elementor-widget-wrap elementor-element-populated\">\n\t\t\t\t\t\t<div class=\"elementor-element elementor-element-9059c27 elementor-view-default elementor-widget elementor-widget-icon\" data-id=\"9059c27\" data-element_type=\"widget\" data-e-type=\"widget\" data-widget_type=\"icon.default\">\n\t\t\t\t<div class=\"elementor-widget-container\">\n\t\t\t\t\t\t\t<div class=\"elementor-icon-wrapper\">\n\t\t\t<div class=\"elementor-icon\">\n\t\t\t<i aria-hidden=\"true\" class=\"far fa-id-badge\"><\/i>\t\t\t<\/div>\n\t\t<\/div>\n\t\t\t\t\t\t<\/div>\n\t\t\t\t<\/div>\n\t\t\t\t<div class=\"elementor-element elementor-element-0ba8d3e elementor-widget elementor-widget-text-editor\" data-id=\"0ba8d3e\" data-element_type=\"widget\" data-e-type=\"widget\" data-widget_type=\"text-editor.default\">\n\t\t\t\t<div class=\"elementor-widget-container\">\n\t\t\t\t\t\t\t\t\t<p><a href=\"tel: +372 514 8115\">+372 514 8115<\/a><br \/>Production Manager<br \/>Heini Vahi<br \/><img loading=\"lazy\" decoding=\"async\" class=\"alignnone size-full wp-image-6430\" style=\"font-size: 19px; background-color: #ffffff;\" src=\"https:\/\/www.rpmt.ee\/wp-content\/uploads\/2022\/06\/est.png\" alt=\"\" width=\"16\" height=\"11\" \/><span style=\"font-size: 19px; background-color: #ffffff;\">\u00a0<\/span><img loading=\"lazy\" decoding=\"async\" class=\"alignnone size-full wp-image-6432\" style=\"font-size: 19px; background-color: #ffffff;\" src=\"https:\/\/www.rpmt.ee\/wp-content\/uploads\/2022\/06\/rus.png\" alt=\"\" width=\"16\" height=\"11\" \/><\/p>\t\t\t\t\t\t\t\t<\/div>\n\t\t\t\t<\/div>\n\t\t\t\t\t<\/div>\n\t\t<\/div>\n\t\t\t\t\t<\/div>\n\t\t<\/section>\n\t\t\t\t<\/div>\n\t\t","protected":false},"excerpt":{"rendered":"<p>Our company produces milled peat for horticulture and plant growing. The usable area of our peatfields is ca 650 ha and all peat deposits are located in county L\u00e4\u00e4ne-Virumaa. Milled peat loose Qualities: Degree of decomposition H4 &#8230; H6 Water absorption 460 &#8230; 620 pH 4,0 &#8230;<\/p>\n","protected":false},"author":1,"featured_media":0,"parent":0,"menu_order":0,"comment_status":"closed","ping_status":"closed","template":"","meta":{"footnotes":""},"class_list":["post-6339","page","type-page","status-publish","hentry"],"lang":"en","translations":{"en":6339,"et":5617},"pll_sync_post":[],"_links":{"self":[{"href":"https:\/\/www.rpmt.ee\/index.php?rest_route=\/wp\/v2\/pages\/6339","targetHints":{"allow":["GET"]}}],"collection":[{"href":"https:\/\/www.rpmt.ee\/index.php?rest_route=\/wp\/v2\/pages"}],"about":[{"href":"https:\/\/www.rpmt.ee\/index.php?rest_route=\/wp\/v2\/types\/page"}],"author":[{"embeddable":true,"href":"https:\/\/www.rpmt.ee\/index.php?rest_route=\/wp\/v2\/users\/1"}],"replies":[{"embeddable":true,"href":"https:\/\/www.rpmt.ee\/index.php?rest_route=%2Fwp%2Fv2%2Fcomments&post=6339"}],"version-history":[{"count":11,"href":"https:\/\/www.rpmt.ee\/index.php?rest_route=\/wp\/v2\/pages\/6339\/revisions"}],"predecessor-version":[{"id":7627,"href":"https:\/\/www.rpmt.ee\/index.php?rest_route=\/wp\/v2\/pages\/6339\/revisions\/7627"}],"wp:attachment":[{"href":"https:\/\/www.rpmt.ee\/index.php?rest_route=%2Fwp%2Fv2%2Fmedia&parent=6339"}],"curies":[{"name":"wp","href":"https:\/\/api.w.org\/{rel}","templated":true}]}}