{"id":6327,"date":"2022-06-10T07:59:46","date_gmt":"2022-06-10T07:59:46","guid":{"rendered":"http:\/\/www.rpmt.ee\/?page_id=6327"},"modified":"2022-06-13T08:41:20","modified_gmt":"2022-06-13T08:41:20","slug":"amelioration","status":"publish","type":"page","link":"https:\/\/www.rpmt.ee\/?page_id=6327&lang=en","title":{"rendered":"Amelioration"},"content":{"rendered":"\t\t<div data-elementor-type=\"wp-page\" data-elementor-id=\"6327\" class=\"elementor elementor-6327\">\n\t\t\t\t\t\t<section class=\"elementor-section elementor-top-section elementor-element elementor-element-ac0d8c2 elementor-section-boxed elementor-section-height-default elementor-section-height-default\" data-id=\"ac0d8c2\" data-element_type=\"section\" data-e-type=\"section\">\n\t\t\t\t\t\t\t<div class=\"elementor-background-overlay\"><\/div>\n\t\t\t\t\t\t\t<div class=\"elementor-container elementor-column-gap-default\">\n\t\t\t\t\t<div class=\"elementor-column elementor-col-50 elementor-top-column elementor-element elementor-element-9f7cb99 animated-fast elementor-invisible\" data-id=\"9f7cb99\" data-element_type=\"column\" data-e-type=\"column\" data-settings=\"{&quot;animation&quot;:&quot;fadeInLeft&quot;}\">\n\t\t\t<div class=\"elementor-widget-wrap elementor-element-populated\">\n\t\t\t\t\t\t<div class=\"elementor-element elementor-element-3ea25323 elementor-widget elementor-widget-image\" data-id=\"3ea25323\" data-element_type=\"widget\" data-e-type=\"widget\" data-widget_type=\"image.default\">\n\t\t\t\t<div class=\"elementor-widget-container\">\n\t\t\t\t\t\t\t\t\t\t\t\t\t\t\t\t<a href=\"https:\/\/www.rpmt.ee\/wp-content\/uploads\/2022\/06\/Maaparandus.jpg\" data-elementor-open-lightbox=\"yes\" data-e-action-hash=\"#elementor-action%3Aaction%3Dlightbox%26settings%3DeyJpZCI6NjA0MCwidXJsIjoiaHR0cHM6XC9cL3d3dy5ycG10LmVlXC93cC1jb250ZW50XC91cGxvYWRzXC8yMDIyXC8wNlwvTWFhcGFyYW5kdXMuanBnIn0%3D\">\n\t\t\t\t\t\t\t<img fetchpriority=\"high\" decoding=\"async\" width=\"600\" height=\"348\" src=\"https:\/\/www.rpmt.ee\/wp-content\/uploads\/2022\/06\/Maaparandus.jpg\" class=\"attachment-large size-large wp-image-6040\" alt=\"\" srcset=\"https:\/\/www.rpmt.ee\/wp-content\/uploads\/2022\/06\/Maaparandus.jpg 1004w, https:\/\/www.rpmt.ee\/wp-content\/uploads\/2022\/06\/Maaparandus-300x174.jpg 300w, https:\/\/www.rpmt.ee\/wp-content\/uploads\/2022\/06\/Maaparandus-768x445.jpg 768w\" sizes=\"(max-width: 600px) 100vw, 600px\" \/>\t\t\t\t\t\t\t\t<\/a>\n\t\t\t\t\t\t\t\t\t\t\t\t\t\t\t<\/div>\n\t\t\t\t<\/div>\n\t\t\t\t\t<\/div>\n\t\t<\/div>\n\t\t\t\t<div class=\"elementor-column elementor-col-50 elementor-top-column elementor-element elementor-element-8ca3857 animated-fast elementor-invisible\" data-id=\"8ca3857\" data-element_type=\"column\" data-e-type=\"column\" data-settings=\"{&quot;animation&quot;:&quot;fadeInRight&quot;}\">\n\t\t\t<div class=\"elementor-widget-wrap elementor-element-populated\">\n\t\t\t\t\t\t<div class=\"elementor-element elementor-element-d1332b4 elementor-widget elementor-widget-heading\" data-id=\"d1332b4\" data-element_type=\"widget\" data-e-type=\"widget\" data-widget_type=\"heading.default\">\n\t\t\t\t<div class=\"elementor-widget-container\">\n\t\t\t\t\t<h2 class=\"elementor-heading-title elementor-size-default\">Main activities:<\/h2>\t\t\t\t<\/div>\n\t\t\t\t<\/div>\n\t\t\t\t<div class=\"elementor-element elementor-element-3713d05f elementor-widget elementor-widget-text-editor\" data-id=\"3713d05f\" data-element_type=\"widget\" data-e-type=\"widget\" data-widget_type=\"text-editor.default\">\n\t\t\t\t<div class=\"elementor-widget-container\">\n\t\t\t\t\t\t\t\t\t<ul><li>Building and repairing of land betterment systems<\/li><li>Services with excavators and bulldozer<\/li><\/ul><p>Our company has decades experience in amelioration.<br \/>Modern equipment and a good team allow us to perform the work with high quality and on time.<\/p>\t\t\t\t\t\t\t\t<\/div>\n\t\t\t\t<\/div>\n\t\t\t\t\t<\/div>\n\t\t<\/div>\n\t\t\t\t\t<\/div>\n\t\t<\/section>\n\t\t\t\t<section class=\"elementor-section elementor-top-section elementor-element elementor-element-e5fb51e elementor-section-boxed elementor-section-height-default elementor-section-height-default\" data-id=\"e5fb51e\" data-element_type=\"section\" data-e-type=\"section\">\n\t\t\t\t\t\t<div class=\"elementor-container elementor-column-gap-default\">\n\t\t\t\t\t<div class=\"elementor-column elementor-col-100 elementor-top-column elementor-element elementor-element-df7da50\" data-id=\"df7da50\" data-element_type=\"column\" data-e-type=\"column\">\n\t\t\t<div class=\"elementor-widget-wrap elementor-element-populated\">\n\t\t\t\t\t\t<div class=\"elementor-element elementor-element-1cc7826 elementor-widget elementor-widget-spacer\" data-id=\"1cc7826\" data-element_type=\"widget\" data-e-type=\"widget\" data-widget_type=\"spacer.default\">\n\t\t\t\t<div class=\"elementor-widget-container\">\n\t\t\t\t\t\t\t<div class=\"elementor-spacer\">\n\t\t\t<div class=\"elementor-spacer-inner\"><\/div>\n\t\t<\/div>\n\t\t\t\t\t\t<\/div>\n\t\t\t\t<\/div>\n\t\t\t\t\t<\/div>\n\t\t<\/div>\n\t\t\t\t\t<\/div>\n\t\t<\/section>\n\t\t\t\t<section class=\"elementor-section elementor-top-section elementor-element elementor-element-9b46b4b elementor-section-boxed elementor-section-height-default elementor-section-height-default elementor-invisible\" data-id=\"9b46b4b\" data-element_type=\"section\" data-e-type=\"section\" data-settings=\"{&quot;animation&quot;:&quot;fadeInUp&quot;}\">\n\t\t\t\t\t\t\t<div class=\"elementor-background-overlay\"><\/div>\n\t\t\t\t\t\t\t<div class=\"elementor-container elementor-column-gap-default\">\n\t\t\t\t\t<div class=\"elementor-column elementor-col-25 elementor-top-column elementor-element elementor-element-f7c2b99\" data-id=\"f7c2b99\" data-element_type=\"column\" data-e-type=\"column\">\n\t\t\t<div class=\"elementor-widget-wrap elementor-element-populated\">\n\t\t\t\t\t\t<div class=\"elementor-element elementor-element-3bb469d elementor-view-default elementor-widget elementor-widget-icon\" data-id=\"3bb469d\" data-element_type=\"widget\" data-e-type=\"widget\" data-widget_type=\"icon.default\">\n\t\t\t\t<div class=\"elementor-widget-container\">\n\t\t\t\t\t\t\t<div class=\"elementor-icon-wrapper\">\n\t\t\t<div class=\"elementor-icon\">\n\t\t\t<i aria-hidden=\"true\" class=\"fas fa-map-marker-alt\"><\/i>\t\t\t<\/div>\n\t\t<\/div>\n\t\t\t\t\t\t<\/div>\n\t\t\t\t<\/div>\n\t\t\t\t<div class=\"elementor-element elementor-element-6b53ab3 elementor-widget elementor-widget-text-editor\" data-id=\"6b53ab3\" data-element_type=\"widget\" data-e-type=\"widget\" data-widget_type=\"text-editor.default\">\n\t\t\t\t<div class=\"elementor-widget-container\">\n\t\t\t\t\t\t\t\t\t<p><a href=\"https:\/\/www.google.ee\/maps\/place\/Puiestee+2,+S%C3%B5meru,+44201+L%C3%A4%C3%A4ne-Viru+maakond\/@59.3601992,26.4324604,17z\/data=!3m1!4b1!4m5!3m4!1s0x4693761688f31c19:0xd22b9cc227f58e0e!8m2!3d59.3601965!4d26.4346491?hl=et\" target=\"_blank\" rel=\"noopener\">Puiestee 2, 44201 S\u00f5meru, L\u00e4\u00e4ne-Virumaa<\/a><\/p>\t\t\t\t\t\t\t\t<\/div>\n\t\t\t\t<\/div>\n\t\t\t\t\t<\/div>\n\t\t<\/div>\n\t\t\t\t<div class=\"elementor-column elementor-col-25 elementor-top-column elementor-element elementor-element-df8a636\" data-id=\"df8a636\" data-element_type=\"column\" data-e-type=\"column\">\n\t\t\t<div class=\"elementor-widget-wrap elementor-element-populated\">\n\t\t\t\t\t\t<div class=\"elementor-element elementor-element-2e70a53 elementor-view-default elementor-widget elementor-widget-icon\" data-id=\"2e70a53\" data-element_type=\"widget\" data-e-type=\"widget\" data-widget_type=\"icon.default\">\n\t\t\t\t<div class=\"elementor-widget-container\">\n\t\t\t\t\t\t\t<div class=\"elementor-icon-wrapper\">\n\t\t\t<div class=\"elementor-icon\">\n\t\t\t<i aria-hidden=\"true\" class=\"fas fa-mail-bulk\"><\/i>\t\t\t<\/div>\n\t\t<\/div>\n\t\t\t\t\t\t<\/div>\n\t\t\t\t<\/div>\n\t\t\t\t<div class=\"elementor-element elementor-element-5a4c2a5 elementor-widget elementor-widget-text-editor\" data-id=\"5a4c2a5\" data-element_type=\"widget\" data-e-type=\"widget\" data-widget_type=\"text-editor.default\">\n\t\t\t\t<div class=\"elementor-widget-container\">\n\t\t\t\t\t\t\t\t\t<p><a href=\"mailto:rpmt@rpmt.ee\">rpmt@rpmt.ee<\/a><br \/><a href=\"mailto: maapar@rpmt.ee\">maapar@rpmt.ee<\/a><\/p>\t\t\t\t\t\t\t\t<\/div>\n\t\t\t\t<\/div>\n\t\t\t\t\t<\/div>\n\t\t<\/div>\n\t\t\t\t<div class=\"elementor-column elementor-col-25 elementor-top-column elementor-element elementor-element-269c041\" data-id=\"269c041\" data-element_type=\"column\" data-e-type=\"column\">\n\t\t\t<div class=\"elementor-widget-wrap elementor-element-populated\">\n\t\t\t\t\t\t<div class=\"elementor-element elementor-element-0d48b9b elementor-view-default elementor-widget elementor-widget-icon\" data-id=\"0d48b9b\" data-element_type=\"widget\" data-e-type=\"widget\" data-widget_type=\"icon.default\">\n\t\t\t\t<div class=\"elementor-widget-container\">\n\t\t\t\t\t\t\t<div class=\"elementor-icon-wrapper\">\n\t\t\t<div class=\"elementor-icon\">\n\t\t\t<i aria-hidden=\"true\" class=\"fas fa-phone-alt\"><\/i>\t\t\t<\/div>\n\t\t<\/div>\n\t\t\t\t\t\t<\/div>\n\t\t\t\t<\/div>\n\t\t\t\t<div class=\"elementor-element elementor-element-1bf9e19 elementor-widget elementor-widget-text-editor\" data-id=\"1bf9e19\" data-element_type=\"widget\" data-e-type=\"widget\" data-widget_type=\"text-editor.default\">\n\t\t\t\t<div class=\"elementor-widget-container\">\n\t\t\t\t\t\t\t\t\t<p><a href=\"tel: +372 327 0870\">+372 327 0870<\/a><br \/>General<br \/><img decoding=\"async\" class=\"alignnone size-full wp-image-6430\" src=\"https:\/\/www.rpmt.ee\/wp-content\/uploads\/2022\/06\/est.png\" alt=\"\" width=\"16\" height=\"11\" \/> <img decoding=\"async\" class=\"alignnone size-full wp-image-6432\" src=\"https:\/\/www.rpmt.ee\/wp-content\/uploads\/2022\/06\/eng.png\" alt=\"\" width=\"16\" height=\"11\" \/><\/p>\t\t\t\t\t\t\t\t<\/div>\n\t\t\t\t<\/div>\n\t\t\t\t\t<\/div>\n\t\t<\/div>\n\t\t\t\t<div class=\"elementor-column elementor-col-25 elementor-top-column elementor-element elementor-element-02deb7f\" data-id=\"02deb7f\" data-element_type=\"column\" data-e-type=\"column\">\n\t\t\t<div class=\"elementor-widget-wrap elementor-element-populated\">\n\t\t\t\t\t\t<div class=\"elementor-element elementor-element-7ae438a elementor-view-default elementor-widget elementor-widget-icon\" data-id=\"7ae438a\" data-element_type=\"widget\" data-e-type=\"widget\" data-widget_type=\"icon.default\">\n\t\t\t\t<div class=\"elementor-widget-container\">\n\t\t\t\t\t\t\t<div class=\"elementor-icon-wrapper\">\n\t\t\t<div class=\"elementor-icon\">\n\t\t\t<i aria-hidden=\"true\" class=\"far fa-id-badge\"><\/i>\t\t\t<\/div>\n\t\t<\/div>\n\t\t\t\t\t\t<\/div>\n\t\t\t\t<\/div>\n\t\t\t\t<div class=\"elementor-element elementor-element-40140c9 elementor-widget elementor-widget-text-editor\" data-id=\"40140c9\" data-element_type=\"widget\" data-e-type=\"widget\" data-widget_type=\"text-editor.default\">\n\t\t\t\t<div class=\"elementor-widget-container\">\n\t\t\t\t\t\t\t\t\t<p><a href=\"http:\/\/tel: +372 507 6271\">+372 507 6271<\/a><br>\nForeman<br>\nJanno N\u00f5mme<br><img loading=\"lazy\" decoding=\"async\" class=\"alignnone size-full wp-image-6430\" src=\"https:\/\/www.rpmt.ee\/wp-content\/uploads\/2022\/06\/est.png\" alt=\"\" width=\"16\" height=\"11\"> <img loading=\"lazy\" decoding=\"async\" class=\"alignnone size-full wp-image-6432\" src=\"https:\/\/www.rpmt.ee\/wp-content\/uploads\/2022\/06\/rus.png\" alt=\"\" width=\"16\" height=\"11\"><\/p>\t\t\t\t\t\t\t\t<\/div>\n\t\t\t\t<\/div>\n\t\t\t\t\t<\/div>\n\t\t<\/div>\n\t\t\t\t\t<\/div>\n\t\t<\/section>\n\t\t\t\t<\/div>\n\t\t","protected":false},"excerpt":{"rendered":"<p>Main activities: Building and repairing of land betterment systems Services with excavators and bulldozer Our company has decades experience in amelioration.Modern equipment and a good team allow us to perform the work with high quality and on time. Puiestee 2, 44201 S\u00f5meru, L\u00e4\u00e4ne-Virumaa rpmt@rpmt.eemaapar@rpmt.ee +372 327 0870General<\/p>\n","protected":false},"author":1,"featured_media":0,"parent":0,"menu_order":0,"comment_status":"closed","ping_status":"closed","template":"","meta":{"footnotes":""},"class_list":["post-6327","page","type-page","status-publish","hentry"],"lang":"en","translations":{"en":6327,"et":5626},"pll_sync_post":[],"_links":{"self":[{"href":"https:\/\/www.rpmt.ee\/index.php?rest_route=\/wp\/v2\/pages\/6327","targetHints":{"allow":["GET"]}}],"collection":[{"href":"https:\/\/www.rpmt.ee\/index.php?rest_route=\/wp\/v2\/pages"}],"about":[{"href":"https:\/\/www.rpmt.ee\/index.php?rest_route=\/wp\/v2\/types\/page"}],"author":[{"embeddable":true,"href":"https:\/\/www.rpmt.ee\/index.php?rest_route=\/wp\/v2\/users\/1"}],"replies":[{"embeddable":true,"href":"https:\/\/www.rpmt.ee\/index.php?rest_route=%2Fwp%2Fv2%2Fcomments&post=6327"}],"version-history":[{"count":4,"href":"https:\/\/www.rpmt.ee\/index.php?rest_route=\/wp\/v2\/pages\/6327\/revisions"}],"predecessor-version":[{"id":6451,"href":"https:\/\/www.rpmt.ee\/index.php?rest_route=\/wp\/v2\/pages\/6327\/revisions\/6451"}],"wp:attachment":[{"href":"https:\/\/www.rpmt.ee\/index.php?rest_route=%2Fwp%2Fv2%2Fmedia&parent=6327"}],"curies":[{"name":"wp","href":"https:\/\/api.w.org\/{rel}","templated":true}]}}