{"id":5624,"date":"2022-05-24T05:38:23","date_gmt":"2022-05-24T05:38:23","guid":{"rendered":"http:\/\/www.rpmt.ee\/?page_id=5624"},"modified":"2022-06-02T10:25:28","modified_gmt":"2022-06-02T10:25:28","slug":"kauplus-ladu","status":"publish","type":"page","link":"https:\/\/www.rpmt.ee\/?page_id=5624","title":{"rendered":"Kauplus-ladu"},"content":{"rendered":"\t\t<div data-elementor-type=\"wp-page\" data-elementor-id=\"5624\" class=\"elementor elementor-5624\">\n\t\t\t\t\t\t<section class=\"elementor-section elementor-top-section elementor-element elementor-element-581dadc elementor-section-boxed elementor-section-height-default elementor-section-height-default\" data-id=\"581dadc\" data-element_type=\"section\" data-e-type=\"section\">\n\t\t\t\t\t\t<div class=\"elementor-container elementor-column-gap-default\">\n\t\t\t\t\t<div class=\"elementor-column elementor-col-50 elementor-top-column elementor-element elementor-element-0fc3c72 animated-fast elementor-invisible\" data-id=\"0fc3c72\" data-element_type=\"column\" data-e-type=\"column\" data-settings=\"{&quot;animation&quot;:&quot;fadeInLeft&quot;}\">\n\t\t\t<div class=\"elementor-widget-wrap elementor-element-populated\">\n\t\t\t\t\t\t<div class=\"elementor-element elementor-element-2a7a1a0 elementor-widget elementor-widget-heading\" data-id=\"2a7a1a0\" data-element_type=\"widget\" data-e-type=\"widget\" data-widget_type=\"heading.default\">\n\t\t\t\t<div class=\"elementor-widget-container\">\n\t\t\t\t\t<h2 class=\"elementor-heading-title elementor-size-default\"><span style=\"font-size: 23px\">Kauplus-laos on m\u00fc\u00fcgil:<\/span><\/h2>\t\t\t\t<\/div>\n\t\t\t\t<\/div>\n\t\t\t\t<div class=\"elementor-element elementor-element-7417ad7f elementor-widget elementor-widget-text-editor\" data-id=\"7417ad7f\" data-element_type=\"widget\" data-e-type=\"widget\" data-widget_type=\"text-editor.default\">\n\t\t\t\t<div class=\"elementor-widget-container\">\n\t\t\t\t\t\t\t\t\t<ul style=\"font-size: 19px; background-color: #ffffff;\"><li style=\"font-size: 19px;\">autode, traktorite, kombainide ja p\u00f5llut\u00f6\u00f6riistade varuosad;<\/li><li style=\"font-size: 19px;\">laagrid;<\/li><li style=\"font-size: 19px;\">rihmad, tihendid ja muud kummitooted;<\/li><li style=\"font-size: 19px;\">rehvid;<\/li><li style=\"font-size: 19px;\">kivisool;<\/li><li style=\"font-size: 19px;\">t\u00f6\u00f6riistad;<\/li><li style=\"font-size: 19px;\">t\u00f6\u00f6stuslik gaas ELME-MESSER lepingulistele klientidele;<\/li><li style=\"font-size: 19px;\">V\u00c4DERSTAD seadmete varuosad;<\/li><li style=\"font-size: 19px;\">majapidamistarbed;<\/li><li style=\"font-size: 19px;\">ja palju muud.<\/li><\/ul>\t\t\t\t\t\t\t\t<\/div>\n\t\t\t\t<\/div>\n\t\t\t\t\t<\/div>\n\t\t<\/div>\n\t\t\t\t<div class=\"elementor-column elementor-col-50 elementor-top-column elementor-element elementor-element-1bb27c9 animated-fast elementor-invisible\" data-id=\"1bb27c9\" data-element_type=\"column\" data-e-type=\"column\" data-settings=\"{&quot;animation&quot;:&quot;fadeInRight&quot;}\">\n\t\t\t<div class=\"elementor-widget-wrap elementor-element-populated\">\n\t\t\t\t\t\t<div class=\"elementor-element elementor-element-41a7a548 elementor-widget elementor-widget-image\" data-id=\"41a7a548\" data-element_type=\"widget\" data-e-type=\"widget\" data-widget_type=\"image.default\">\n\t\t\t\t<div class=\"elementor-widget-container\">\n\t\t\t\t\t\t\t\t\t\t\t\t\t\t\t\t<a href=\"https:\/\/www.rpmt.ee\/wp-content\/uploads\/2022\/06\/Kauplus.jpg\" data-elementor-open-lightbox=\"yes\" data-e-action-hash=\"#elementor-action%3Aaction%3Dlightbox%26settings%3DeyJpZCI6NjAwNiwidXJsIjoiaHR0cHM6XC9cL3d3dy5ycG10LmVlXC93cC1jb250ZW50XC91cGxvYWRzXC8yMDIyXC8wNlwvS2F1cGx1cy5qcGcifQ%3D%3D\">\n\t\t\t\t\t\t\t<img fetchpriority=\"high\" decoding=\"async\" width=\"600\" height=\"348\" src=\"https:\/\/www.rpmt.ee\/wp-content\/uploads\/2022\/06\/Kauplus.jpg\" class=\"attachment-large size-large wp-image-6006\" alt=\"\" srcset=\"https:\/\/www.rpmt.ee\/wp-content\/uploads\/2022\/06\/Kauplus.jpg 1004w, https:\/\/www.rpmt.ee\/wp-content\/uploads\/2022\/06\/Kauplus-300x174.jpg 300w, https:\/\/www.rpmt.ee\/wp-content\/uploads\/2022\/06\/Kauplus-768x445.jpg 768w\" sizes=\"(max-width: 600px) 100vw, 600px\" \/>\t\t\t\t\t\t\t\t<\/a>\n\t\t\t\t\t\t\t\t\t\t\t\t\t\t\t<\/div>\n\t\t\t\t<\/div>\n\t\t\t\t<section class=\"elementor-section elementor-inner-section elementor-element elementor-element-e0cabf6 elementor-section-boxed elementor-section-height-default elementor-section-height-default\" data-id=\"e0cabf6\" data-element_type=\"section\" data-e-type=\"section\">\n\t\t\t\t\t\t<div class=\"elementor-container elementor-column-gap-default\">\n\t\t\t\t\t<div class=\"elementor-column elementor-col-50 elementor-inner-column elementor-element elementor-element-7b981d4\" data-id=\"7b981d4\" data-element_type=\"column\" data-e-type=\"column\">\n\t\t\t<div class=\"elementor-widget-wrap elementor-element-populated\">\n\t\t\t\t\t\t<div class=\"elementor-element elementor-element-329e774 elementor-widget elementor-widget-image\" data-id=\"329e774\" data-element_type=\"widget\" data-e-type=\"widget\" data-widget_type=\"image.default\">\n\t\t\t\t<div class=\"elementor-widget-container\">\n\t\t\t\t\t\t\t\t\t\t\t\t\t\t\t\t<a href=\"https:\/\/www.rpmt.ee\/wp-content\/uploads\/2022\/06\/Ladu.jpg\" data-elementor-open-lightbox=\"yes\" data-e-action-hash=\"#elementor-action%3Aaction%3Dlightbox%26settings%3DeyJpZCI6NjAwOCwidXJsIjoiaHR0cHM6XC9cL3d3dy5ycG10LmVlXC93cC1jb250ZW50XC91cGxvYWRzXC8yMDIyXC8wNlwvTGFkdS5qcGcifQ%3D%3D\">\n\t\t\t\t\t\t\t<img decoding=\"async\" width=\"600\" height=\"600\" src=\"https:\/\/www.rpmt.ee\/wp-content\/uploads\/2022\/06\/Ladu-1024x1024.jpg\" class=\"attachment-large size-large wp-image-6008\" alt=\"\" srcset=\"https:\/\/www.rpmt.ee\/wp-content\/uploads\/2022\/06\/Ladu-1024x1024.jpg 1024w, https:\/\/www.rpmt.ee\/wp-content\/uploads\/2022\/06\/Ladu-300x300.jpg 300w, https:\/\/www.rpmt.ee\/wp-content\/uploads\/2022\/06\/Ladu-150x150.jpg 150w, https:\/\/www.rpmt.ee\/wp-content\/uploads\/2022\/06\/Ladu-768x768.jpg 768w, https:\/\/www.rpmt.ee\/wp-content\/uploads\/2022\/06\/Ladu.jpg 1200w\" sizes=\"(max-width: 600px) 100vw, 600px\" \/>\t\t\t\t\t\t\t\t<\/a>\n\t\t\t\t\t\t\t\t\t\t\t\t\t\t\t<\/div>\n\t\t\t\t<\/div>\n\t\t\t\t\t<\/div>\n\t\t<\/div>\n\t\t\t\t<div class=\"elementor-column elementor-col-50 elementor-inner-column elementor-element elementor-element-f4e9fed\" data-id=\"f4e9fed\" data-element_type=\"column\" data-e-type=\"column\">\n\t\t\t<div class=\"elementor-widget-wrap elementor-element-populated\">\n\t\t\t\t\t\t<div class=\"elementor-element elementor-element-d560580 elementor-widget elementor-widget-image\" data-id=\"d560580\" data-element_type=\"widget\" data-e-type=\"widget\" data-widget_type=\"image.default\">\n\t\t\t\t<div class=\"elementor-widget-container\">\n\t\t\t\t\t\t\t\t\t\t\t\t\t\t\t\t<a href=\"https:\/\/www.rpmt.ee\/wp-content\/uploads\/2022\/06\/Kummitooted.jpg\" data-elementor-open-lightbox=\"yes\" data-e-action-hash=\"#elementor-action%3Aaction%3Dlightbox%26settings%3DeyJpZCI6NjAwNywidXJsIjoiaHR0cHM6XC9cL3d3dy5ycG10LmVlXC93cC1jb250ZW50XC91cGxvYWRzXC8yMDIyXC8wNlwvS3VtbWl0b290ZWQuanBnIn0%3D\">\n\t\t\t\t\t\t\t<img decoding=\"async\" width=\"600\" height=\"600\" src=\"https:\/\/www.rpmt.ee\/wp-content\/uploads\/2022\/06\/Kummitooted-1024x1024.jpg\" class=\"attachment-large size-large wp-image-6007\" alt=\"\" srcset=\"https:\/\/www.rpmt.ee\/wp-content\/uploads\/2022\/06\/Kummitooted-1024x1024.jpg 1024w, https:\/\/www.rpmt.ee\/wp-content\/uploads\/2022\/06\/Kummitooted-300x300.jpg 300w, https:\/\/www.rpmt.ee\/wp-content\/uploads\/2022\/06\/Kummitooted-150x150.jpg 150w, https:\/\/www.rpmt.ee\/wp-content\/uploads\/2022\/06\/Kummitooted-768x768.jpg 768w, https:\/\/www.rpmt.ee\/wp-content\/uploads\/2022\/06\/Kummitooted.jpg 1200w\" sizes=\"(max-width: 600px) 100vw, 600px\" \/>\t\t\t\t\t\t\t\t<\/a>\n\t\t\t\t\t\t\t\t\t\t\t\t\t\t\t<\/div>\n\t\t\t\t<\/div>\n\t\t\t\t\t<\/div>\n\t\t<\/div>\n\t\t\t\t\t<\/div>\n\t\t<\/section>\n\t\t\t\t\t<\/div>\n\t\t<\/div>\n\t\t\t\t\t<\/div>\n\t\t<\/section>\n\t\t\t\t<section class=\"elementor-section elementor-top-section elementor-element elementor-element-71bb982 elementor-section-boxed elementor-section-height-default elementor-section-height-default\" data-id=\"71bb982\" data-element_type=\"section\" data-e-type=\"section\">\n\t\t\t\t\t\t<div class=\"elementor-container elementor-column-gap-default\">\n\t\t\t\t\t<div class=\"elementor-column elementor-col-100 elementor-top-column elementor-element elementor-element-40c20ee\" data-id=\"40c20ee\" data-element_type=\"column\" data-e-type=\"column\">\n\t\t\t<div class=\"elementor-widget-wrap elementor-element-populated\">\n\t\t\t\t\t\t<div class=\"elementor-element elementor-element-922a4f4 elementor-widget elementor-widget-spacer\" data-id=\"922a4f4\" data-element_type=\"widget\" data-e-type=\"widget\" data-widget_type=\"spacer.default\">\n\t\t\t\t<div class=\"elementor-widget-container\">\n\t\t\t\t\t\t\t<div class=\"elementor-spacer\">\n\t\t\t<div class=\"elementor-spacer-inner\"><\/div>\n\t\t<\/div>\n\t\t\t\t\t\t<\/div>\n\t\t\t\t<\/div>\n\t\t\t\t\t<\/div>\n\t\t<\/div>\n\t\t\t\t\t<\/div>\n\t\t<\/section>\n\t\t\t\t<section class=\"elementor-section elementor-top-section elementor-element elementor-element-46f7f15 elementor-section-boxed elementor-section-height-default elementor-section-height-default elementor-invisible\" data-id=\"46f7f15\" data-element_type=\"section\" data-e-type=\"section\" data-settings=\"{&quot;animation&quot;:&quot;fadeInUp&quot;}\">\n\t\t\t\t\t\t\t<div class=\"elementor-background-overlay\"><\/div>\n\t\t\t\t\t\t\t<div class=\"elementor-container elementor-column-gap-default\">\n\t\t\t\t\t<div class=\"elementor-column elementor-col-25 elementor-top-column elementor-element elementor-element-cc3627c\" data-id=\"cc3627c\" data-element_type=\"column\" data-e-type=\"column\">\n\t\t\t<div class=\"elementor-widget-wrap elementor-element-populated\">\n\t\t\t\t\t\t<div class=\"elementor-element elementor-element-3d8d1857 elementor-view-default elementor-widget elementor-widget-icon\" data-id=\"3d8d1857\" data-element_type=\"widget\" data-e-type=\"widget\" data-widget_type=\"icon.default\">\n\t\t\t\t<div class=\"elementor-widget-container\">\n\t\t\t\t\t\t\t<div class=\"elementor-icon-wrapper\">\n\t\t\t<div class=\"elementor-icon\">\n\t\t\t<i aria-hidden=\"true\" class=\"fas fa-map-marker-alt\"><\/i>\t\t\t<\/div>\n\t\t<\/div>\n\t\t\t\t\t\t<\/div>\n\t\t\t\t<\/div>\n\t\t\t\t<div class=\"elementor-element elementor-element-7a45036f elementor-widget elementor-widget-text-editor\" data-id=\"7a45036f\" data-element_type=\"widget\" data-e-type=\"widget\" data-widget_type=\"text-editor.default\">\n\t\t\t\t<div class=\"elementor-widget-container\">\n\t\t\t\t\t\t\t\t\t<p><a href=\"https:\/\/www.google.ee\/maps\/place\/T%C3%B6%C3%B6stuse+4,+S%C3%B5meru,+44201+L%C3%A4%C3%A4ne-Viru+maakond\/@59.3567265,26.4337192,18z\/data=!4m5!3m4!1s0x4693761599c8e047:0xd42e2cddd3b427c5!8m2!3d59.3568947!4d26.4346741?hl=et\" target=\"_blank\" rel=\"noopener\">T\u00f6\u00f6stuse 4, 44201 S\u00f5meru, L\u00e4\u00e4ne-Virumaa<\/a><\/p>\t\t\t\t\t\t\t\t<\/div>\n\t\t\t\t<\/div>\n\t\t\t\t\t<\/div>\n\t\t<\/div>\n\t\t\t\t<div class=\"elementor-column elementor-col-25 elementor-top-column elementor-element elementor-element-386f516\" data-id=\"386f516\" data-element_type=\"column\" data-e-type=\"column\">\n\t\t\t<div class=\"elementor-widget-wrap elementor-element-populated\">\n\t\t\t\t\t\t<div class=\"elementor-element elementor-element-7b626df4 elementor-view-default elementor-widget elementor-widget-icon\" data-id=\"7b626df4\" data-element_type=\"widget\" data-e-type=\"widget\" data-widget_type=\"icon.default\">\n\t\t\t\t<div class=\"elementor-widget-container\">\n\t\t\t\t\t\t\t<div class=\"elementor-icon-wrapper\">\n\t\t\t<div class=\"elementor-icon\">\n\t\t\t<i aria-hidden=\"true\" class=\"fas fa-mail-bulk\"><\/i>\t\t\t<\/div>\n\t\t<\/div>\n\t\t\t\t\t\t<\/div>\n\t\t\t\t<\/div>\n\t\t\t\t<div class=\"elementor-element elementor-element-5c47530c elementor-widget elementor-widget-text-editor\" data-id=\"5c47530c\" data-element_type=\"widget\" data-e-type=\"widget\" data-widget_type=\"text-editor.default\">\n\t\t\t\t<div class=\"elementor-widget-container\">\n\t\t\t\t\t\t\t\t\t<p><a href=\"mailto:keskladu@rpmt.ee\">keskladu@rpmt.ee<\/a><\/p>\t\t\t\t\t\t\t\t<\/div>\n\t\t\t\t<\/div>\n\t\t\t\t\t<\/div>\n\t\t<\/div>\n\t\t\t\t<div class=\"elementor-column elementor-col-25 elementor-top-column elementor-element elementor-element-9c4298d\" data-id=\"9c4298d\" data-element_type=\"column\" data-e-type=\"column\">\n\t\t\t<div class=\"elementor-widget-wrap elementor-element-populated\">\n\t\t\t\t\t\t<div class=\"elementor-element elementor-element-c1d4629 elementor-view-default elementor-widget elementor-widget-icon\" data-id=\"c1d4629\" data-element_type=\"widget\" data-e-type=\"widget\" data-widget_type=\"icon.default\">\n\t\t\t\t<div class=\"elementor-widget-container\">\n\t\t\t\t\t\t\t<div class=\"elementor-icon-wrapper\">\n\t\t\t<div class=\"elementor-icon\">\n\t\t\t<i aria-hidden=\"true\" class=\"fas fa-phone-alt\"><\/i>\t\t\t<\/div>\n\t\t<\/div>\n\t\t\t\t\t\t<\/div>\n\t\t\t\t<\/div>\n\t\t\t\t<div class=\"elementor-element elementor-element-64c2b60 elementor-widget elementor-widget-text-editor\" data-id=\"64c2b60\" data-element_type=\"widget\" data-e-type=\"widget\" data-widget_type=\"text-editor.default\">\n\t\t\t\t<div class=\"elementor-widget-container\">\n\t\t\t\t\t\t\t\t\t<p><a href=\"tel: +372 322 0827\">+372 322 0827<\/a> kauplus<\/p>\t\t\t\t\t\t\t\t<\/div>\n\t\t\t\t<\/div>\n\t\t\t\t\t<\/div>\n\t\t<\/div>\n\t\t\t\t<div class=\"elementor-column elementor-col-25 elementor-top-column elementor-element elementor-element-033f3f4\" data-id=\"033f3f4\" data-element_type=\"column\" data-e-type=\"column\">\n\t\t\t<div class=\"elementor-widget-wrap elementor-element-populated\">\n\t\t\t\t\t\t<div class=\"elementor-element elementor-element-7130d8b elementor-view-default elementor-widget elementor-widget-icon\" data-id=\"7130d8b\" data-element_type=\"widget\" data-e-type=\"widget\" data-widget_type=\"icon.default\">\n\t\t\t\t<div class=\"elementor-widget-container\">\n\t\t\t\t\t\t\t<div class=\"elementor-icon-wrapper\">\n\t\t\t<div class=\"elementor-icon\">\n\t\t\t<i aria-hidden=\"true\" class=\"fas fa-phone-alt\"><\/i>\t\t\t<\/div>\n\t\t<\/div>\n\t\t\t\t\t\t<\/div>\n\t\t\t\t<\/div>\n\t\t\t\t<div class=\"elementor-element elementor-element-2b70789 elementor-widget elementor-widget-text-editor\" data-id=\"2b70789\" data-element_type=\"widget\" data-e-type=\"widget\" data-widget_type=\"text-editor.default\">\n\t\t\t\t<div class=\"elementor-widget-container\">\n\t\t\t\t\t\t\t\t\t<p><a href=\"tel: +372 322 0822\">+372 322 0822<\/a> ladu, <br \/>Heinar Argus<\/p>\t\t\t\t\t\t\t\t<\/div>\n\t\t\t\t<\/div>\n\t\t\t\t\t<\/div>\n\t\t<\/div>\n\t\t\t\t\t<\/div>\n\t\t<\/section>\n\t\t\t\t<\/div>\n\t\t","protected":false},"excerpt":{"rendered":"<p>Kauplus-laos on m\u00fc\u00fcgil: autode, traktorite, kombainide ja p\u00f5llut\u00f6\u00f6riistade varuosad; laagrid; rihmad, tihendid ja muud kummitooted; rehvid; kivisool; t\u00f6\u00f6riistad; t\u00f6\u00f6stuslik gaas ELME-MESSER lepingulistele klientidele; V\u00c4DERSTAD seadmete varuosad; majapidamistarbed; ja palju muud. T\u00f6\u00f6stuse 4, 44201 S\u00f5meru, L\u00e4\u00e4ne-Virumaa keskladu@rpmt.ee +372 322 0827 kauplus +372 322 0822 ladu, Heinar Argus<\/p>\n","protected":false},"author":1,"featured_media":0,"parent":0,"menu_order":0,"comment_status":"closed","ping_status":"closed","template":"","meta":{"footnotes":""},"class_list":["post-5624","page","type-page","status-publish","hentry"],"lang":"et","translations":{"en":6322,"et":5624},"pll_sync_post":[],"_links":{"self":[{"href":"https:\/\/www.rpmt.ee\/index.php?rest_route=\/wp\/v2\/pages\/5624","targetHints":{"allow":["GET"]}}],"collection":[{"href":"https:\/\/www.rpmt.ee\/index.php?rest_route=\/wp\/v2\/pages"}],"about":[{"href":"https:\/\/www.rpmt.ee\/index.php?rest_route=\/wp\/v2\/types\/page"}],"author":[{"embeddable":true,"href":"https:\/\/www.rpmt.ee\/index.php?rest_route=\/wp\/v2\/users\/1"}],"replies":[{"embeddable":true,"href":"https:\/\/www.rpmt.ee\/index.php?rest_route=%2Fwp%2Fv2%2Fcomments&post=5624"}],"version-history":[{"count":67,"href":"https:\/\/www.rpmt.ee\/index.php?rest_route=\/wp\/v2\/pages\/5624\/revisions"}],"predecessor-version":[{"id":6062,"href":"https:\/\/www.rpmt.ee\/index.php?rest_route=\/wp\/v2\/pages\/5624\/revisions\/6062"}],"wp:attachment":[{"href":"https:\/\/www.rpmt.ee\/index.php?rest_route=%2Fwp%2Fv2%2Fmedia&parent=5624"}],"curies":[{"name":"wp","href":"https:\/\/api.w.org\/{rel}","templated":true}]}}